{"id":38,"date":"2020-02-03T11:57:48","date_gmt":"2020-02-03T11:57:48","guid":{"rendered":"http:\/\/enquidity.com\/clickandbuilds\/enquidity\/?page_id=38"},"modified":"2023-02-22T12:08:20","modified_gmt":"2023-02-22T11:08:20","slug":"38-2","status":"publish","type":"page","link":"https:\/\/enquidity.com\/de\/","title":{"rendered":""},"content":{"rendered":"<div id=\"pl-38\"  class=\"panel-layout\" ><div id=\"pg-38-0\"  class=\"panel-grid panel-no-style\" ><div id=\"pgc-38-0-0\"  class=\"panel-grid-cell\" ><div id=\"panel-38-0-0-0\" class=\"so-panel widget widget_text panel-first-child panel-last-child\" data-index=\"0\" ><div id=\"home\" class=\"panel-widget-style panel-widget-style-for-38-0-0-0\" >\t\t\t<div class=\"textwidget\"><p>Enquidity ist eine auf den Energiebereich spezialisierte Unternehmensberatung. Wir unterst\u00fctzen unsere Kunden dabei, den Regulierungsrahmen des europ\u00e4ischen Energiemarktes zu verstehen, \u00c4nderungen im Auge zu behalten, Trends aufzuzeigen - auf EU und nationaler Ebene. Unser Ziel ist es dabei, Klarheit zu schaffen: Klarheit \u00fcber Prozesse und Termine, Klarheit \u00fcber Positionen und Motive der verschiedenen Akteure, und Klarheit dar\u00fcber, wie sich all das auf die Position Ihres Unternehmens im Wettbewerb auswirkt.<\/p>\n<\/div>\n\t\t<\/div><\/div><\/div><div id=\"pgc-38-0-1\"  class=\"panel-grid-cell\" ><div id=\"panel-38-0-1-0\" class=\"so-panel widget widget_text panel-first-child panel-last-child\" data-index=\"1\" >\t\t\t<div class=\"textwidget\"><p>Beim Eintritt in einen neuen Markt, beim Ausbau Ihrer Aktivit\u00e4ten, bei Investitionsvorhaben \u2013 wir verschaffen Ihnen die Informationen, die sie brauchen, und wir unterst\u00fctzen Sie bei der Umsetzung Ihrer Ideen.<\/p>\n<\/div>\n\t\t<\/div><\/div><\/div><\/div>","protected":false},"excerpt":{"rendered":"<p>Enquidity is a boutique business advisory firm specialising in energy market rules, both on EU and country level. We help our clients monitoring market rules changes in traded energy and carbon markets. Our goal is to add value to your business by providing clarity: about regulatory and political processes and timelines, about stakeholder positions and &hellip; <\/p>\n<p class=\"link-more\"><a href=\"https:\/\/enquidity.com\/de\/\" class=\"more-link\"><span class=\"screen-reader-text\">\u201e\u201c<\/span> weiterlesen<\/a><\/p>","protected":false},"author":1,"featured_media":0,"parent":0,"menu_order":0,"comment_status":"closed","ping_status":"closed","template":"","meta":{"footnotes":""},"class_list":["post-38","page","type-page","status-publish","hentry"],"aioseo_notices":[],"_links":{"self":[{"href":"https:\/\/enquidity.com\/de\/wp-json\/wp\/v2\/pages\/38","targetHints":{"allow":["GET"]}}],"collection":[{"href":"https:\/\/enquidity.com\/de\/wp-json\/wp\/v2\/pages"}],"about":[{"href":"https:\/\/enquidity.com\/de\/wp-json\/wp\/v2\/types\/page"}],"author":[{"embeddable":true,"href":"https:\/\/enquidity.com\/de\/wp-json\/wp\/v2\/users\/1"}],"replies":[{"embeddable":true,"href":"https:\/\/enquidity.com\/de\/wp-json\/wp\/v2\/comments?post=38"}],"version-history":[{"count":2,"href":"https:\/\/enquidity.com\/de\/wp-json\/wp\/v2\/pages\/38\/revisions"}],"predecessor-version":[{"id":235,"href":"https:\/\/enquidity.com\/de\/wp-json\/wp\/v2\/pages\/38\/revisions\/235"}],"wp:attachment":[{"href":"https:\/\/enquidity.com\/de\/wp-json\/wp\/v2\/media?parent=38"}],"curies":[{"name":"wp","href":"https:\/\/api.w.org\/{rel}","templated":true}]}}